{"id":658,"date":"2019-12-18T21:25:09","date_gmt":"2019-12-18T21:25:09","guid":{"rendered":"https:\/\/intersearch-pb.de\/?page_id=658"},"modified":"2025-01-02T08:45:49","modified_gmt":"2025-01-02T08:45:49","slug":"legal-notice","status":"publish","type":"page","link":"https:\/\/intersearch-pb.de\/en\/legal-notice\/","title":{"rendered":"Legal notice"},"content":{"rendered":"\t\t<div data-elementor-type=\"wp-page\" data-elementor-id=\"658\" class=\"elementor elementor-658 elementor-523\" data-elementor-post-type=\"page\">\n\t\t\t\t\t\t<section class=\"elementor-section elementor-top-section elementor-element elementor-element-af730f8 elementor-section-height-min-height elementor-hidden-tablet elementor-hidden-phone elementor-section-boxed elementor-section-height-default elementor-section-items-middle\" data-id=\"af730f8\" data-element_type=\"section\" data-e-type=\"section\" data-settings=\"{&quot;background_background&quot;:&quot;classic&quot;}\">\n\t\t\t\t\t\t<div class=\"elementor-container elementor-column-gap-no\">\n\t\t\t\t\t<div class=\"elementor-column elementor-col-100 elementor-top-column elementor-element elementor-element-64f33db\" data-id=\"64f33db\" data-element_type=\"column\" data-e-type=\"column\">\n\t\t\t<div class=\"elementor-widget-wrap\">\n\t\t\t\t\t\t\t<\/div>\n\t\t<\/div>\n\t\t\t\t\t<\/div>\n\t\t<\/section>\n\t\t\t\t<section class=\"elementor-section elementor-top-section elementor-element elementor-element-33387aa elementor-section-boxed elementor-section-height-default elementor-section-height-default\" data-id=\"33387aa\" data-element_type=\"section\" data-e-type=\"section\" data-settings=\"{&quot;background_background&quot;:&quot;classic&quot;}\">\n\t\t\t\t\t\t<div class=\"elementor-container elementor-column-gap-no\">\n\t\t\t\t\t<div class=\"elementor-column elementor-col-100 elementor-top-column elementor-element elementor-element-56f438c\" data-id=\"56f438c\" data-element_type=\"column\" data-e-type=\"column\">\n\t\t\t<div class=\"elementor-widget-wrap elementor-element-populated\">\n\t\t\t\t\t\t<div class=\"elementor-element elementor-element-18ea3cf elementor-widget elementor-widget-heading\" data-id=\"18ea3cf\" data-element_type=\"widget\" data-e-type=\"widget\" data-widget_type=\"heading.default\">\n\t\t\t\t<div class=\"elementor-widget-container\">\n\t\t\t\t\t<h1 class=\"elementor-heading-title elementor-size-default\">Legal Notice<\/h1>\t\t\t\t<\/div>\n\t\t\t\t<\/div>\n\t\t\t\t<div class=\"elementor-element elementor-element-0539b49 elementor-widget__width-initial elementor-widget-tablet__width-inherit elementor-widget elementor-widget-heading\" data-id=\"0539b49\" data-element_type=\"widget\" data-e-type=\"widget\" data-widget_type=\"heading.default\">\n\t\t\t\t<div class=\"elementor-widget-container\">\n\t\t\t\t\t<p class=\"elementor-heading-title elementor-size-default\">Guidelines for liabilities and data protection.<\/p>\t\t\t\t<\/div>\n\t\t\t\t<\/div>\n\t\t\t\t\t<\/div>\n\t\t<\/div>\n\t\t\t\t\t<\/div>\n\t\t<\/section>\n\t\t\t\t<section class=\"elementor-section elementor-top-section elementor-element elementor-element-3294d89 elementor-section-boxed elementor-section-height-default elementor-section-height-default\" data-id=\"3294d89\" data-element_type=\"section\" data-e-type=\"section\">\n\t\t\t\t\t\t<div class=\"elementor-container elementor-column-gap-no\">\n\t\t\t\t\t<div class=\"elementor-column elementor-col-100 elementor-top-column elementor-element elementor-element-1c155af\" data-id=\"1c155af\" data-element_type=\"column\" data-e-type=\"column\">\n\t\t\t<div class=\"elementor-widget-wrap elementor-element-populated\">\n\t\t\t\t\t\t<div class=\"elementor-element elementor-element-59f1205 elementor-widget elementor-widget-text-editor\" data-id=\"59f1205\" data-element_type=\"widget\" data-e-type=\"widget\" data-widget_type=\"text-editor.default\">\n\t\t\t\t<div class=\"elementor-widget-container\">\n\t\t\t\t\t\t\t\t\t<p>InterSearch Personalberatung GmbH &amp; Co. KG<br \/>Benrather Schlossallee 121<br \/>40597 Duesseldorf<br \/>Tel: +49 (0)211 &#8211; 77 92 89-0<br \/>Fax: +49 (0)211 &#8211; 77 92 89-99<br \/>E-Mail:\u00a0<a href=\"mailto:duesseldorf@intersearch-pb.de\"><mark>duesseldorf@intersearch-pb.de<\/mark><\/a><br \/>Internet:\u00a0<a href=\"https:\/\/intersearch-pb.de\/\" target=\"_blank\" rel=\"noopener\"><mark>www.intersearch-pb.de<\/mark><\/a><\/p><p>Legal entity: Limited partnership<br \/>Registered office: Duesseldorf, HR A 22106<br \/>VAT ID number: DE285128433<br \/>CEO: Widukind Baier, Mario D\u00e4nekas, J\u00f6rg D\u00f6tter and Alexander Wilhelm<br \/>General partner: InterSearch Beteiligungs GmbH<br \/>Registered office: Duesseldorf, HR B 68333<\/p><p>Member of InterSearch Worldwide Ltd.<br \/>Internet:\u00a0<a class=\"ext\" title=\"Webseite besuchen\" href=\"http:\/\/www.intersearch.org\/\" target=\"_blank\" rel=\"noopener\"><mark>www.intersearch.org<\/mark><\/a><\/p>\t\t\t\t\t\t\t\t<\/div>\n\t\t\t\t<\/div>\n\t\t\t\t<div class=\"elementor-element elementor-element-703d7d3 elementor-widget elementor-widget-heading\" data-id=\"703d7d3\" data-element_type=\"widget\" data-e-type=\"widget\" data-widget_type=\"heading.default\">\n\t\t\t\t<div class=\"elementor-widget-container\">\n\t\t\t\t\t<h2 class=\"elementor-heading-title elementor-size-default\">Disclaimer:<\/h2>\t\t\t\t<\/div>\n\t\t\t\t<\/div>\n\t\t\t\t<div class=\"elementor-element elementor-element-16e93cc elementor-widget__width-initial elementor-widget-tablet__width-inherit elementor-widget elementor-widget-text-editor\" data-id=\"16e93cc\" data-element_type=\"widget\" data-e-type=\"widget\" data-widget_type=\"text-editor.default\">\n\t\t\t\t<div class=\"elementor-widget-container\">\n\t\t\t\t\t\t\t\t\tDespite careful review, we cannot entertain any liability for the content of external links. The corresponding webmasters bear sole responsibility for the content of linked pages under their control.\t\t\t\t\t\t\t\t<\/div>\n\t\t\t\t<\/div>\n\t\t\t\t\t<\/div>\n\t\t<\/div>\n\t\t\t\t\t<\/div>\n\t\t<\/section>\n\t\t\t\t<\/div>\n\t\t","protected":false},"excerpt":{"rendered":"<p>Legal Notice Guidelines for liabilities and data protection. InterSearch Personalberatung GmbH &amp; Co. KGBenrather Schlossallee 12140597 DuesseldorfTel: +49 (0)211 &#8211; 77 92 89-0Fax: +49 (0)211 &#8211; 77 92 89-99E-Mail:\u00a0duesseldorf@intersearch-pb.deInternet:\u00a0www.intersearch-pb.de Legal entity: Limited partnershipRegistered office: Duesseldorf, HR A 22106VAT ID number: DE285128433CEO: Widukind Baier, Mario D\u00e4nekas, J\u00f6rg D\u00f6tter and Alexander WilhelmGeneral partner: InterSearch Beteiligungs GmbHRegistered office: [&hellip;]<\/p>\n","protected":false},"author":1,"featured_media":0,"parent":0,"menu_order":0,"comment_status":"closed","ping_status":"closed","template":"","meta":{"_acf_changed":false,"site-sidebar-layout":"no-sidebar","site-content-layout":"page-builder","ast-site-content-layout":"default","site-content-style":"default","site-sidebar-style":"default","ast-global-header-display":"","ast-banner-title-visibility":"","ast-main-header-display":"","ast-hfb-above-header-display":"","ast-hfb-below-header-display":"","ast-hfb-mobile-header-display":"","site-post-title":"disabled","ast-breadcrumbs-content":"","ast-featured-img":"disabled","footer-sml-layout":"","ast-disable-related-posts":"","theme-transparent-header-meta":"default","adv-header-id-meta":"","stick-header-meta":"","header-above-stick-meta":"","header-main-stick-meta":"","header-below-stick-meta":"","astra-migrate-meta-layouts":"default","ast-page-background-enabled":"default","ast-page-background-meta":{"desktop":{"background-color":"","background-image":"","background-repeat":"repeat","background-position":"center center","background-size":"auto","background-attachment":"scroll","background-type":"","background-media":"","overlay-type":"","overlay-color":"","overlay-opacity":"","overlay-gradient":""},"tablet":{"background-color":"","background-image":"","background-repeat":"repeat","background-position":"center center","background-size":"auto","background-attachment":"scroll","background-type":"","background-media":"","overlay-type":"","overlay-color":"","overlay-opacity":"","overlay-gradient":""},"mobile":{"background-color":"","background-image":"","background-repeat":"repeat","background-position":"center center","background-size":"auto","background-attachment":"scroll","background-type":"","background-media":"","overlay-type":"","overlay-color":"","overlay-opacity":"","overlay-gradient":""}},"ast-content-background-meta":{"desktop":{"background-color":"var(--ast-global-color-5)","background-image":"","background-repeat":"repeat","background-position":"center center","background-size":"auto","background-attachment":"scroll","background-type":"","background-media":"","overlay-type":"","overlay-color":"","overlay-opacity":"","overlay-gradient":""},"tablet":{"background-color":"var(--ast-global-color-5)","background-image":"","background-repeat":"repeat","background-position":"center center","background-size":"auto","background-attachment":"scroll","background-type":"","background-media":"","overlay-type":"","overlay-color":"","overlay-opacity":"","overlay-gradient":""},"mobile":{"background-color":"var(--ast-global-color-5)","background-image":"","background-repeat":"repeat","background-position":"center center","background-size":"auto","background-attachment":"scroll","background-type":"","background-media":"","overlay-type":"","overlay-color":"","overlay-opacity":"","overlay-gradient":""}},"footnotes":""},"class_list":["post-658","page","type-page","status-publish","hentry"],"acf":[],"yoast_head":"<!-- This site is optimized with the Yoast SEO plugin v27.2 - https:\/\/yoast.com\/product\/yoast-seo-wordpress\/ -->\n<title>Legal notice - Intersearch<\/title>\n<meta name=\"robots\" content=\"index, follow, max-snippet:-1, max-image-preview:large, max-video-preview:-1\" \/>\n<link rel=\"canonical\" href=\"https:\/\/intersearch-pb.de\/impressum\/\" \/>\n<meta property=\"og:locale\" content=\"en_US\" \/>\n<meta property=\"og:type\" content=\"article\" \/>\n<meta property=\"og:title\" content=\"Legal notice - Intersearch\" \/>\n<meta property=\"og:description\" content=\"Legal Notice Guidelines for liabilities and data protection. InterSearch Personalberatung GmbH &amp; Co. KGBenrather Schlossallee 12140597 DuesseldorfTel: +49 (0)211 &#8211; 77 92 89-0Fax: +49 (0)211 &#8211; 77 92 89-99E-Mail:\u00a0duesseldorf@intersearch-pb.deInternet:\u00a0www.intersearch-pb.de Legal entity: Limited partnershipRegistered office: Duesseldorf, HR A 22106VAT ID number: DE285128433CEO: Widukind Baier, Mario D\u00e4nekas, J\u00f6rg D\u00f6tter and Alexander WilhelmGeneral partner: InterSearch Beteiligungs GmbHRegistered office: [&hellip;]\" \/>\n<meta property=\"og:url\" content=\"https:\/\/intersearch-pb.de\/impressum\/\" \/>\n<meta property=\"og:site_name\" content=\"Intersearch\" \/>\n<meta property=\"article:modified_time\" content=\"2025-01-02T08:45:49+00:00\" \/>\n<meta name=\"twitter:card\" content=\"summary_large_image\" \/>\n<meta name=\"twitter:label1\" content=\"Est. reading time\" \/>\n\t<meta name=\"twitter:data1\" content=\"1 minute\" \/>\n<script type=\"application\/ld+json\" class=\"yoast-schema-graph\">{\"@context\":\"https:\/\/schema.org\",\"@graph\":[{\"@type\":\"WebPage\",\"@id\":\"https:\/\/intersearch-pb.de\/impressum\/\",\"url\":\"https:\/\/intersearch-pb.de\/impressum\/\",\"name\":\"Legal notice - Intersearch\",\"isPartOf\":{\"@id\":\"https:\/\/intersearch-pb.de\/#website\"},\"datePublished\":\"2019-12-18T21:25:09+00:00\",\"dateModified\":\"2025-01-02T08:45:49+00:00\",\"breadcrumb\":{\"@id\":\"https:\/\/intersearch-pb.de\/impressum\/#breadcrumb\"},\"inLanguage\":\"en-US\",\"potentialAction\":[{\"@type\":\"ReadAction\",\"target\":[\"https:\/\/intersearch-pb.de\/impressum\/\"]}]},{\"@type\":\"BreadcrumbList\",\"@id\":\"https:\/\/intersearch-pb.de\/impressum\/#breadcrumb\",\"itemListElement\":[{\"@type\":\"ListItem\",\"position\":1,\"name\":\"Startseite\",\"item\":\"https:\/\/intersearch-pb.de\/en\/\"},{\"@type\":\"ListItem\",\"position\":2,\"name\":\"Legal notice\"}]},{\"@type\":\"WebSite\",\"@id\":\"https:\/\/intersearch-pb.de\/#website\",\"url\":\"https:\/\/intersearch-pb.de\/\",\"name\":\"Intersearch\",\"description\":\"Personalberatung\",\"potentialAction\":[{\"@type\":\"SearchAction\",\"target\":{\"@type\":\"EntryPoint\",\"urlTemplate\":\"https:\/\/intersearch-pb.de\/?s={search_term_string}\"},\"query-input\":{\"@type\":\"PropertyValueSpecification\",\"valueRequired\":true,\"valueName\":\"search_term_string\"}}],\"inLanguage\":\"en-US\"}]}<\/script>\n<!-- \/ Yoast SEO plugin. -->","yoast_head_json":{"title":"Legal notice - Intersearch","robots":{"index":"index","follow":"follow","max-snippet":"max-snippet:-1","max-image-preview":"max-image-preview:large","max-video-preview":"max-video-preview:-1"},"canonical":"https:\/\/intersearch-pb.de\/impressum\/","og_locale":"en_US","og_type":"article","og_title":"Legal notice - Intersearch","og_description":"Legal Notice Guidelines for liabilities and data protection. InterSearch Personalberatung GmbH &amp; Co. KGBenrather Schlossallee 12140597 DuesseldorfTel: +49 (0)211 &#8211; 77 92 89-0Fax: +49 (0)211 &#8211; 77 92 89-99E-Mail:\u00a0duesseldorf@intersearch-pb.deInternet:\u00a0www.intersearch-pb.de Legal entity: Limited partnershipRegistered office: Duesseldorf, HR A 22106VAT ID number: DE285128433CEO: Widukind Baier, Mario D\u00e4nekas, J\u00f6rg D\u00f6tter and Alexander WilhelmGeneral partner: InterSearch Beteiligungs GmbHRegistered office: [&hellip;]","og_url":"https:\/\/intersearch-pb.de\/impressum\/","og_site_name":"Intersearch","article_modified_time":"2025-01-02T08:45:49+00:00","twitter_card":"summary_large_image","twitter_misc":{"Est. reading time":"1 minute"},"schema":{"@context":"https:\/\/schema.org","@graph":[{"@type":"WebPage","@id":"https:\/\/intersearch-pb.de\/impressum\/","url":"https:\/\/intersearch-pb.de\/impressum\/","name":"Legal notice - Intersearch","isPartOf":{"@id":"https:\/\/intersearch-pb.de\/#website"},"datePublished":"2019-12-18T21:25:09+00:00","dateModified":"2025-01-02T08:45:49+00:00","breadcrumb":{"@id":"https:\/\/intersearch-pb.de\/impressum\/#breadcrumb"},"inLanguage":"en-US","potentialAction":[{"@type":"ReadAction","target":["https:\/\/intersearch-pb.de\/impressum\/"]}]},{"@type":"BreadcrumbList","@id":"https:\/\/intersearch-pb.de\/impressum\/#breadcrumb","itemListElement":[{"@type":"ListItem","position":1,"name":"Startseite","item":"https:\/\/intersearch-pb.de\/en\/"},{"@type":"ListItem","position":2,"name":"Legal notice"}]},{"@type":"WebSite","@id":"https:\/\/intersearch-pb.de\/#website","url":"https:\/\/intersearch-pb.de\/","name":"Intersearch","description":"Personalberatung","potentialAction":[{"@type":"SearchAction","target":{"@type":"EntryPoint","urlTemplate":"https:\/\/intersearch-pb.de\/?s={search_term_string}"},"query-input":{"@type":"PropertyValueSpecification","valueRequired":true,"valueName":"search_term_string"}}],"inLanguage":"en-US"}]}},"_links":{"self":[{"href":"https:\/\/intersearch-pb.de\/en\/wp-json\/wp\/v2\/pages\/658","targetHints":{"allow":["GET"]}}],"collection":[{"href":"https:\/\/intersearch-pb.de\/en\/wp-json\/wp\/v2\/pages"}],"about":[{"href":"https:\/\/intersearch-pb.de\/en\/wp-json\/wp\/v2\/types\/page"}],"author":[{"embeddable":true,"href":"https:\/\/intersearch-pb.de\/en\/wp-json\/wp\/v2\/users\/1"}],"replies":[{"embeddable":true,"href":"https:\/\/intersearch-pb.de\/en\/wp-json\/wp\/v2\/comments?post=658"}],"version-history":[{"count":8,"href":"https:\/\/intersearch-pb.de\/en\/wp-json\/wp\/v2\/pages\/658\/revisions"}],"predecessor-version":[{"id":3392,"href":"https:\/\/intersearch-pb.de\/en\/wp-json\/wp\/v2\/pages\/658\/revisions\/3392"}],"wp:attachment":[{"href":"https:\/\/intersearch-pb.de\/en\/wp-json\/wp\/v2\/media?parent=658"}],"curies":[{"name":"wp","href":"https:\/\/api.w.org\/{rel}","templated":true}]}}